{"id":4215,"date":"2016-12-29T22:00:15","date_gmt":"2016-12-29T21:00:15","guid":{"rendered":"http:\/\/www.umweltnetz.ch\/content\/?page_id=4215"},"modified":"2016-12-29T22:24:44","modified_gmt":"2016-12-29T21:24:44","slug":"zitate-und-spruche","status":"publish","type":"page","link":"https:\/\/www.umweltnetz.ch\/content\/zitate-und-spruche","title":{"rendered":"Zitate und Spr\u00fcche"},"content":{"rendered":"<p><strong>Gedanken sind frei<\/strong> &#8211; vieles ist schon gedacht, und bringt trotzdem weiter. Darum diese Sammlung von Zitaten und Spr\u00fcchen, hie und da erg\u00e4nzt mit eigenen Links. P.S. Mit Absicht fehlen Ironie-Smileys.<\/p>\n<ul>\n<li>Die wahren Optimisten sind nicht \u00fcberzeugt, dass alles gut gehen wird, aber sie sind \u00fcberzeugt, dass nicht alles schiefgehen kann. <em>(Friedrich Schiller zugeschrieben)<\/em> &#8211; ein Link dazu: <a href=\"http:\/\/www.umweltnetz.ch\/content\/von-murphy-bis-creed\" title=\"Von Murphy bis Creed\" target=\"_blank\">Von Murphy bis Creed<\/a><\/li>\n<li>Der Optimist hat nicht weniger oft unrecht als der Pessimist, aber er lebt froher. <em>(Charlie Rivel)<\/em><\/li>\n<li>Das Dumme an Zitaten aus dem Internet ist, dass man nie weiss, ob sie wahr sind. <em>(Leonardo da Vinci)<\/em><\/li>\n<li>Jeder Mensch hat ein Recht auf seine eigene Meinung, aber nicht auf seine eigenen Fakten. <em>(Daniel Patrick Moynihan)<\/em> &#8211; ein Link dazu: <a href=\"http:\/\/www.umweltnetz.ch\/content\/global-goals-oder-personliche-willkur\" title=\"Global Goals oder pers\u00f6nliche Willk\u00fcr\" target=\"_blank\">Global Goals oder pers\u00f6nliche Willk\u00fcr<\/a><\/li>\n<li>Die Steinzeit ist nicht aus Mangel an Steinen zu Ende gegangen. Ein Spruch, den man sinngem\u00e4ss auch auf das Zeitalter der fossilen Energien anwenden kann. <em>Joachim Wille<\/em> &#8211; ein Link dazu: <a href=\"http:\/\/www.umweltnetz.ch\/content\/fossile-politik\" title=\"Fossile Politik\" target=\"_blank\">Fossile Politik<\/a><\/li>\n<li>Das Gras w\u00e4chst nicht schneller, wenn man daran zieht. <em>Rudi Anschober<\/em><\/li>\n<li><strong>Leiden des \u00dcbergangs<\/strong>: In allen entwickelten L\u00e4ndern brachte die Verschiebung von durch fossile Rohstoffe angetriebenem Wachstum hin zu nachhaltiger Entwicklung heftiges soziales und \u00f6konomisches Leid mit sich. Im R\u00fcckblick aus dem Jahr 2052 betrachtet wird deutlich werden, dass der \u00dcbergang zu einer umweltvertr\u00e4glichen Wirtschaft dort am erfolgreichsten verlief, wo man die neue Wirtschaft mit einer Kombination aus Ordnungsrecht und Schadstoffsteuern unterst\u00fctzte und \ufb01nanzierte. Zudem hatte es sich als wichtig erwiesen, lautstarken Minderheiten entgegenzutreten, die ihre eigenen kurzfristigen Interessen verfolgten. <em>Paul Hohnen (Australier geboren 1950) ist Berater f\u00fcr nachhaltige Entwicklung und lebt in Europa.<\/em>, in: 2052 &#8211; eine globale Prognose f\u00fcr die n\u00e4chsten 40 Jahre.<\/li>\n<li>Hast Du Luftschl\u00f6sser gebaut, so braucht deine Arbeit nicht verloren zu sein. Eben dort sollten sie sein. Jetzt lege das Fundament darunter! <em>Henry David Thoreau<\/em><\/li>\n<li>Wenn sich hinter der Fassade einer freiheitlich-demokratischen Grundordnung die Abgr\u00fcnde einer totalit\u00e4ren \u00dcberwachungsideologie auftun, sollte man dann unsere Staatsform nicht eigentlich lieber umbenennen in Dekokratie? <em><a href=\"http:\/\/www.hgbutzko.de\/home\/\" target=\"_blank\">HG Butzko<\/a><\/em> &#8211; etwas weniger satirisch: <a href=\"http:\/\/www.umweltnetz.ch\/content\/kein-gauner-staaten-als-welt-und-privatpolizisten\" title=\"Keine Gauner-Staaten als Welt- und Privatpolizisten\" target=\"_blank\">Keine Gauner-Staaten als Welt- und Privatpolizisten<\/a><\/li>\n<li>Keinem vern\u00fcnftigen Menschen wird es einfallen, Tintenflecken mit Tinte, \u00d6lflecken mit \u00d6l wegwaschen zu wollen. Nur Blut soll immer wieder mit Blut abgewaschen werden. <em>Bertha von Suttner, Friedens-Nobelpreistr\u00e4gerin 1905<\/em> &#8211; siehe auch <a href=\"http:\/\/www.umweltnetz.ch\/content\/syrien-ohnmacht\" title=\"Syrien: Ohnmacht\" target=\"_blank\">Syrien: Ohnmacht<\/a>.<\/li>\n<li>Ein Mensch ist erfolgreich, wenn er zwischen Aufstehen und Schlafengehen das tut, was ihm gef\u00e4llt. <em>Bob Dylan<\/em><\/li>\n<li>Ein Traum ist unerl\u00e4sslich, wenn man die Zukunft gestalten will. <em>Victor Hugo<\/em><\/li>\n<li>Ein Zyniker ist ein Schuft, dessen mangelhafte Wahrnehmung Dinge sieht, wie sie sind, statt wie sie sein sollten. <em><a href=\"https:\/\/www.journal21.ch\/ambrose-bierce-amerikanischer-journalist-schriftsteller-1842-1914\" target=\"_blank\">Ambrose Bierce, amerikanischer Journalist, Schriftsteller, 1842 &#8211; 1914<\/a><\/em>\n<li>\u00abWer es f\u00fcr unm\u00f6glich h\u00e4lt, sollte denen nicht im Weg stehen, die es gerade tun.\u00bb <em>George Bernard Shaw<\/em><\/li>\n<li>\u00abIgnoranz ist die Summe aller Massnahmen die man ergreift, um bestehende Tatsachen nicht sehen zu m\u00fcssen.\u00bb <em>Sandra Pulsfort<\/em><\/li>\n<li>\u00abNichts ist m\u00e4chtiger als eine Idee, deren Zeit gekommen ist.\u00bb <em>Vicor Hugo<\/em><\/li>\n<li>\u00abNoch nie gelangte der Mensch so rasch an Informationen. Und noch nie waren so viele falsch.\u00bb \u200f<em>@akkordeonistin, 19. Dez. 2016<\/em>\n<\/ul>\n<p>Sammlung seit 2012, regelm\u00e4ssig erg\u00e4nzt<\/p>\n","protected":false},"excerpt":{"rendered":"<p>Gedanken sind frei &#8211; vieles ist schon gedacht, und bringt trotzdem weiter. Darum diese Sammlung von Zitaten und Spr\u00fcchen, hie und da erg\u00e4nzt mit eigenen Links. P.S. Mit Absicht fehlen Ironie-Smileys. Die wahren Optimisten sind nicht \u00fcberzeugt, dass alles gut gehen wird, aber sie sind \u00fcberzeugt, dass nicht alles schiefgehen kann. (Friedrich Schiller zugeschrieben) &#8211; &hellip; <a href=\"https:\/\/www.umweltnetz.ch\/content\/zitate-und-spruche\" class=\"more-link\"><span class=\"screen-reader-text\">\u201eZitate und Spr\u00fcche\u201c <\/span>weiterlesen<\/a><\/p>\n","protected":false},"author":2,"featured_media":0,"parent":0,"menu_order":0,"comment_status":"closed","ping_status":"closed","template":"","meta":{"ngg_post_thumbnail":0,"footnotes":""},"class_list":["post-4215","page","type-page","status-publish","hentry"],"aioseo_notices":[],"jetpack_sharing_enabled":true,"_links":{"self":[{"href":"https:\/\/www.umweltnetz.ch\/content\/wp-json\/wp\/v2\/pages\/4215","targetHints":{"allow":["GET"]}}],"collection":[{"href":"https:\/\/www.umweltnetz.ch\/content\/wp-json\/wp\/v2\/pages"}],"about":[{"href":"https:\/\/www.umweltnetz.ch\/content\/wp-json\/wp\/v2\/types\/page"}],"author":[{"embeddable":true,"href":"https:\/\/www.umweltnetz.ch\/content\/wp-json\/wp\/v2\/users\/2"}],"replies":[{"embeddable":true,"href":"https:\/\/www.umweltnetz.ch\/content\/wp-json\/wp\/v2\/comments?post=4215"}],"version-history":[{"count":24,"href":"https:\/\/www.umweltnetz.ch\/content\/wp-json\/wp\/v2\/pages\/4215\/revisions"}],"predecessor-version":[{"id":6662,"href":"https:\/\/www.umweltnetz.ch\/content\/wp-json\/wp\/v2\/pages\/4215\/revisions\/6662"}],"wp:attachment":[{"href":"https:\/\/www.umweltnetz.ch\/content\/wp-json\/wp\/v2\/media?parent=4215"}],"curies":[{"name":"wp","href":"https:\/\/api.w.org\/{rel}","templated":true}]}}